{"id":6352,"date":"2023-10-12T14:27:05","date_gmt":"2023-10-12T12:27:05","guid":{"rendered":"https:\/\/www.exploreclimbing.it\/?post_type=product&#038;p=6352"},"modified":"2025-12-10T09:50:31","modified_gmt":"2025-12-10T08:50:31","slug":"xc-colibri","status":"publish","type":"product","link":"https:\/\/www.exploreclimbing.it\/it\/prodotto\/xc-colibri\/","title":{"rendered":"XC Colibri"},"content":{"rendered":"","protected":false},"excerpt":{"rendered":"<h3 class=\"p1\"><span style=\"color: #f94a00;\"><strong>SPEDIZIONE GRATIS in EUROPA<\/strong><\/span><\/h3>\n<p class=\"p1\"><span class=\"s1\">XC Colibri \u00e8 il nostro travetto da riscaldamento. Ultraleggero a solo 350 g e si adatta facilmente a qualsiasi borsa da falesia o boulder!<\/span><\/p>\n<p class=\"p1\"><span class=\"s1\">Il travetto ha due tacche - 20 mm e 15 mm e entrambi  sono leggermente netta in modo da sembrare orizzontale quando sei appeso. I bordi sono arrotondate per una presa comoda e confortevole.<\/span><\/p>\n<p class=\"p1\"><span class=\"s1\">Il travetto \u00e8 adottato da cordino 5 mm extra lungo per pi\u00f9 opzioni di riscaldamento seconda la situazione -  ti consente di usare i piedi per tirare quando non c'\u00e8 dove appenderlo.<\/span><\/p>\n<p class=\"p1\"><em>Dimensioni:<\/em><\/p>\n<p>Lunghezza: 40cm<\/p>\n<p>Altezza: 5.7cm<\/p>\n<p>Larghezza: 3cm<\/p>","protected":false},"featured_media":6353,"template":"","meta":{"_acf_changed":false},"product_brand":[],"product_cat":[447],"product_tag":[556,605,451,602,601,557,597,596,594],"class_list":{"0":"post-6352","1":"product","2":"type-product","3":"status-publish","4":"has-post-thumbnail","6":"product_cat-hangboards","7":"product_tag-evo-x","8":"product_tag-explore-climbing","9":"product_tag-hangboard","10":"product_tag-kletter-trainingsboard","11":"product_tag-poutre-dentrainement-escalade","12":"product_tag-training","13":"product_tag-trave-di-arrampicata","14":"product_tag-travi-allenamento-arrampicata","15":"product_tag-travi-di-arrampicata","16":"product_shipping_class-free-shipping","18":"first","19":"instock","20":"sale","21":"shipping-taxable","22":"purchasable","23":"product-type-simple"},"acf":[],"jetpack_sharing_enabled":true,"_links":{"self":[{"href":"https:\/\/www.exploreclimbing.it\/it\/wp-json\/wp\/v2\/product\/6352","targetHints":{"allow":["GET"]}}],"collection":[{"href":"https:\/\/www.exploreclimbing.it\/it\/wp-json\/wp\/v2\/product"}],"about":[{"href":"https:\/\/www.exploreclimbing.it\/it\/wp-json\/wp\/v2\/types\/product"}],"wp:featuredmedia":[{"embeddable":true,"href":"https:\/\/www.exploreclimbing.it\/it\/wp-json\/wp\/v2\/media\/6353"}],"wp:attachment":[{"href":"https:\/\/www.exploreclimbing.it\/it\/wp-json\/wp\/v2\/media?parent=6352"}],"wp:term":[{"taxonomy":"product_brand","embeddable":true,"href":"https:\/\/www.exploreclimbing.it\/it\/wp-json\/wp\/v2\/product_brand?post=6352"},{"taxonomy":"product_cat","embeddable":true,"href":"https:\/\/www.exploreclimbing.it\/it\/wp-json\/wp\/v2\/product_cat?post=6352"},{"taxonomy":"product_tag","embeddable":true,"href":"https:\/\/www.exploreclimbing.it\/it\/wp-json\/wp\/v2\/product_tag?post=6352"}],"curies":[{"name":"wp","href":"https:\/\/api.w.org\/{rel}","templated":true}]}}