{"id":30,"date":"2017-08-23T11:03:01","date_gmt":"2017-08-23T09:03:01","guid":{"rendered":"https:\/\/exploreclimbing.it\/?post_type=product&#038;p=30"},"modified":"2025-02-07T13:31:25","modified_gmt":"2025-02-07T12:31:25","slug":"xc-classic","status":"publish","type":"product","link":"https:\/\/www.exploreclimbing.it\/it\/prodotto\/xc-classic\/","title":{"rendered":"XC Classic"},"content":{"rendered":"<section class=\"product\">\n<div class=\"content fw\"><\/div>\n<div class=\"content\"><\/div>\n<\/section>","protected":false},"excerpt":{"rendered":"<p><span style=\"color: #f94a00;\"><strong>SPEDIZIONE GRATIS in EUROPA<\/strong><\/span><\/p>\n<p>L'XC Classic \u00e8 la nostra trave entry-level per l'allenamento su hangboard, ma si mantiene opzioni pratiche per allenamento progressivo man mano che avanzi e a un prezzo accessibile.<\/p>\n<p>Ci sono tasche e liste per quattro dita, tre dita, due dita e mono ciascuno con opzioni di profondit\u00e0 di un comodo 40 mm, 25 mm e 15 mm.<\/p>\n<p>Sulla parte superiore ci sono due maniglie per ideali per trazioni, scaldarsi e per iniziare a fare sospensioni. La maniglia centrale \u00e8 utile per le trazioni sfalsate (quando una mano \u00e8 pi\u00f9 bassa dell'altra) e per l'introduzione all'allenamento con un braccio.<\/p>\n<p>Sulla parte superiore c'\u00e8 un'ampia presa piatta per allenare la prensione sulle sloper.<\/p>\n<p>Questa trave \u00e8 progettata per avere tutto ci\u00f2 di cui hai bisogno per iniziare e poi progredire nel tuo allenamento e si sta bene sulla tua parete - semplicemente classica.<\/p>\n<p><a href=\"https:\/\/www.exploreclimbing.it\/it\/trainingtools\/install-your-hangboard\/\" target=\"_blank\" rel=\"noopener noreferrer\">Installation Instructions &#8211; English<\/a><\/p>\n<p><a href=\"https:\/\/www.exploreclimbing.it\/it\/trainingtools\/come-montare-la-tua-trave\/\" target=\"_blank\" rel=\"noopener noreferrer\">Istruzioni di Montaggio &#8211; Italiano<\/a><\/p>\n<p>Altezza 19cm<\/p>\n<p>Lunghezza 74cm<\/p>\n<p>Larghezza 6cm<\/p>","protected":false},"featured_media":5919,"template":"","meta":{"_acf_changed":false},"product_brand":[],"product_cat":[447],"product_tag":[605,598,451,600,592,599,597,595,594],"class_list":{"0":"post-30","1":"product","2":"type-product","3":"status-publish","4":"has-post-thumbnail","6":"product_cat-hangboards","7":"product_tag-explore-climbing","8":"product_tag-fingerboard","9":"product_tag-hangboard","10":"product_tag-poutre-dentrainement-descalade","11":"product_tag-proevo","12":"product_tag-training-for-climbing","13":"product_tag-trave-di-arrampicata","14":"product_tag-trave-in-legno","15":"product_tag-travi-di-arrampicata","16":"product_shipping_class-free-shipping","18":"first","19":"instock","20":"sale","21":"shipping-taxable","22":"purchasable","23":"product-type-simple"},"acf":[],"jetpack_sharing_enabled":true,"_links":{"self":[{"href":"https:\/\/www.exploreclimbing.it\/it\/wp-json\/wp\/v2\/product\/30","targetHints":{"allow":["GET"]}}],"collection":[{"href":"https:\/\/www.exploreclimbing.it\/it\/wp-json\/wp\/v2\/product"}],"about":[{"href":"https:\/\/www.exploreclimbing.it\/it\/wp-json\/wp\/v2\/types\/product"}],"wp:featuredmedia":[{"embeddable":true,"href":"https:\/\/www.exploreclimbing.it\/it\/wp-json\/wp\/v2\/media\/5919"}],"wp:attachment":[{"href":"https:\/\/www.exploreclimbing.it\/it\/wp-json\/wp\/v2\/media?parent=30"}],"wp:term":[{"taxonomy":"product_brand","embeddable":true,"href":"https:\/\/www.exploreclimbing.it\/it\/wp-json\/wp\/v2\/product_brand?post=30"},{"taxonomy":"product_cat","embeddable":true,"href":"https:\/\/www.exploreclimbing.it\/it\/wp-json\/wp\/v2\/product_cat?post=30"},{"taxonomy":"product_tag","embeddable":true,"href":"https:\/\/www.exploreclimbing.it\/it\/wp-json\/wp\/v2\/product_tag?post=30"}],"curies":[{"name":"wp","href":"https:\/\/api.w.org\/{rel}","templated":true}]}}